{"id":55,"date":"2025-09-23T15:09:17","date_gmt":"2025-09-23T13:09:17","guid":{"rendered":"http:\/\/schritt-ins-leben.com\/?page_id=55"},"modified":"2025-09-23T15:09:17","modified_gmt":"2025-09-23T13:09:17","slug":"social-media","status":"publish","type":"page","link":"https:\/\/schritt-ins-leben.com\/index.php\/social-media\/","title":{"rendered":"Social Media"},"content":{"rendered":"\n<p>Wir verwenden die uns zur Verf\u00fcgung stehende <strong>Zeit f\u00fcr die Belange der Menschen, die mit uns von der Schule den Schritt ins Ausbildungsleben <\/strong>gehen. Wir haben uns bewusst dazu entschieden, weder Zeit noch Ressourcen f\u00fcr das F\u00fcttern von Social Media Kan\u00e4len zu verschwenden. <\/p>\n\n\n\n<p><\/p>\n","protected":false},"excerpt":{"rendered":"<p>Wir verwenden die uns zur Verf\u00fcgung stehende Zeit f\u00fcr die Belange der Menschen, die mit uns von der Schule den Schritt ins Ausbildungsleben gehen. Wir haben uns bewusst dazu entschieden, weder Zeit noch Ressourcen f\u00fcr das F\u00fcttern von Social Media Kan\u00e4len zu verschwenden.<\/p>\n","protected":false},"author":1,"featured_media":0,"parent":0,"menu_order":0,"comment_status":"closed","ping_status":"closed","template":"","meta":{"footnotes":""},"class_list":["post-55","page","type-page","status-publish","hentry"],"_links":{"self":[{"href":"https:\/\/schritt-ins-leben.com\/index.php\/wp-json\/wp\/v2\/pages\/55","targetHints":{"allow":["GET"]}}],"collection":[{"href":"https:\/\/schritt-ins-leben.com\/index.php\/wp-json\/wp\/v2\/pages"}],"about":[{"href":"https:\/\/schritt-ins-leben.com\/index.php\/wp-json\/wp\/v2\/types\/page"}],"author":[{"embeddable":true,"href":"https:\/\/schritt-ins-leben.com\/index.php\/wp-json\/wp\/v2\/users\/1"}],"replies":[{"embeddable":true,"href":"https:\/\/schritt-ins-leben.com\/index.php\/wp-json\/wp\/v2\/comments?post=55"}],"version-history":[{"count":2,"href":"https:\/\/schritt-ins-leben.com\/index.php\/wp-json\/wp\/v2\/pages\/55\/revisions"}],"predecessor-version":[{"id":73,"href":"https:\/\/schritt-ins-leben.com\/index.php\/wp-json\/wp\/v2\/pages\/55\/revisions\/73"}],"wp:attachment":[{"href":"https:\/\/schritt-ins-leben.com\/index.php\/wp-json\/wp\/v2\/media?parent=55"}],"curies":[{"name":"wp","href":"https:\/\/api.w.org\/{rel}","templated":true}]}}