{"id":87,"date":"2025-09-23T16:14:12","date_gmt":"2025-09-23T14:14:12","guid":{"rendered":"http:\/\/schritt-ins-leben.com\/?page_id=87"},"modified":"2025-09-26T13:04:10","modified_gmt":"2025-09-26T11:04:10","slug":"wir-ueber-uns","status":"publish","type":"page","link":"https:\/\/schritt-ins-leben.com\/index.php\/wir-ueber-uns\/","title":{"rendered":"Wir \u00fcber uns"},"content":{"rendered":"\n<ul class=\"wp-block-list\">\n<li><strong>Andrea Lindstedt<\/strong><\/li>\n<\/ul>\n\n\n\n<p><strong>35 Jahre Erfahrung in Coaching- und Gestaltungsprozessen mit Menschen<\/strong><\/p>\n\n\n\n<p>Studium BWL (FH Stralsund), Studium Mathe\/Physik (PH G\u00fcstrow), Studium Integrative\/Anthroposophische Kunsttherapie (Freien Kulturschule e.V. Kunst Kultur und Therapie Karlsruhe), diverse Seminare und Workshops zur Weiterbildung (zb. GestaltWas! der Telekom Stiftung).              Betriebswirtschaftliches Coaching von kleinen und mittelst\u00e4ndischen Handwerksbetrieben, Entwicklung und Umsetzung k\u00fcnstlerisch begleiteter Projekte in der Kinder- und Jugendarbeit sowie Menschen mit inklusionsorientiertem Assistenzbedarf, ebenso Einzelcoaching. Enge Zusammenarbeit mit gemeinn\u00fctzigen Einrichtungen, um Menschen nachhaltig zu f\u00f6rdern und zu unterst\u00fctzen. <\/p>\n","protected":false},"excerpt":{"rendered":"<p>35 Jahre Erfahrung in Coaching- und Gestaltungsprozessen mit Menschen Studium BWL (FH Stralsund), Studium Mathe\/Physik (PH G\u00fcstrow), Studium Integrative\/Anthroposophische Kunsttherapie (Freien Kulturschule e.V. Kunst Kultur und Therapie Karlsruhe), diverse Seminare und Workshops zur Weiterbildung (zb. GestaltWas! der Telekom Stiftung). Betriebswirtschaftliches Coaching von kleinen und mittelst\u00e4ndischen Handwerksbetrieben, Entwicklung und Umsetzung k\u00fcnstlerisch begleiteter Projekte in der Kinder- [&hellip;]<\/p>\n","protected":false},"author":1,"featured_media":0,"parent":0,"menu_order":0,"comment_status":"closed","ping_status":"closed","template":"","meta":{"footnotes":""},"class_list":["post-87","page","type-page","status-publish","hentry"],"_links":{"self":[{"href":"https:\/\/schritt-ins-leben.com\/index.php\/wp-json\/wp\/v2\/pages\/87","targetHints":{"allow":["GET"]}}],"collection":[{"href":"https:\/\/schritt-ins-leben.com\/index.php\/wp-json\/wp\/v2\/pages"}],"about":[{"href":"https:\/\/schritt-ins-leben.com\/index.php\/wp-json\/wp\/v2\/types\/page"}],"author":[{"embeddable":true,"href":"https:\/\/schritt-ins-leben.com\/index.php\/wp-json\/wp\/v2\/users\/1"}],"replies":[{"embeddable":true,"href":"https:\/\/schritt-ins-leben.com\/index.php\/wp-json\/wp\/v2\/comments?post=87"}],"version-history":[{"count":5,"href":"https:\/\/schritt-ins-leben.com\/index.php\/wp-json\/wp\/v2\/pages\/87\/revisions"}],"predecessor-version":[{"id":108,"href":"https:\/\/schritt-ins-leben.com\/index.php\/wp-json\/wp\/v2\/pages\/87\/revisions\/108"}],"wp:attachment":[{"href":"https:\/\/schritt-ins-leben.com\/index.php\/wp-json\/wp\/v2\/media?parent=87"}],"curies":[{"name":"wp","href":"https:\/\/api.w.org\/{rel}","templated":true}]}}